{"id":3122,"date":"2025-10-22T09:39:39","date_gmt":"2025-10-22T12:39:39","guid":{"rendered":"https:\/\/vcm.ulagos.cl\/extension\/?page_id=3122"},"modified":"2026-01-29T15:38:57","modified_gmt":"2026-01-29T18:38:57","slug":"programas","status":"publish","type":"page","link":"https:\/\/vcm.ulagos.cl\/extension\/academiadearteycultura\/programas\/","title":{"rendered":"Talleres"},"content":{"rendered":"<p>&nbsp;<\/p>\n<p>En su misi\u00f3n por extender el acceso a la cultura a todos los integrantes de la comunidad universitaria, la Academia ofrece desde inicios de 2016 siete talleres de disciplinas art\u00edsticas y pr\u00e1cticas culturales para estudiantes, acad\u00e9micos y funcionarios tanto del Campus Osorno como del Instituto Tecnol\u00f3gico Regional.<\/p>\n<p><div id=\"accordion\" class=\"panel-group\"><\/div> <div class=\"panel panelacordion\"> <a class=\"collapsed\" href=\"#talleres\" data-toggle=\"collapse\">Oferta talleres <\/a><div id=\"talleres\" class=\"panel-collapse collapse\"> <div class=\"panel-body\"><\/p>\n<div>\n<ul>\n<li>Dibujo<\/li>\n<li>Teatro<\/li>\n<li>Canto<\/li>\n<li>Cuerdas Frotadas<\/li>\n<li>Percusi\u00f3n<\/div><\/div><\/div><\/li>\n<\/ul>\n<\/div>\n","protected":false},"excerpt":{"rendered":"<p>&nbsp; En su misi\u00f3n por extender el acceso a la cultura a todos los integrantes de la comunidad universitaria, la Academia ofrece desde inicios de 2016 siete talleres de disciplinas art\u00edsticas y pr\u00e1cticas culturales para estudiantes, acad\u00e9micos y funcionarios tanto del Campus Osorno como del Instituto Tecnol\u00f3gico Regional.<\/p>\n","protected":false},"author":3,"featured_media":3337,"parent":324,"menu_order":0,"comment_status":"closed","ping_status":"closed","template":"template_menu_horizontal_sintitulo Banner Hijo.php","meta":{"footnotes":""},"class_list":["post-3122","page","type-page","status-publish","has-post-thumbnail","hentry"],"_links":{"self":[{"href":"https:\/\/vcm.ulagos.cl\/extension\/wp-json\/wp\/v2\/pages\/3122","targetHints":{"allow":["GET"]}}],"collection":[{"href":"https:\/\/vcm.ulagos.cl\/extension\/wp-json\/wp\/v2\/pages"}],"about":[{"href":"https:\/\/vcm.ulagos.cl\/extension\/wp-json\/wp\/v2\/types\/page"}],"author":[{"embeddable":true,"href":"https:\/\/vcm.ulagos.cl\/extension\/wp-json\/wp\/v2\/users\/3"}],"replies":[{"embeddable":true,"href":"https:\/\/vcm.ulagos.cl\/extension\/wp-json\/wp\/v2\/comments?post=3122"}],"version-history":[{"count":15,"href":"https:\/\/vcm.ulagos.cl\/extension\/wp-json\/wp\/v2\/pages\/3122\/revisions"}],"predecessor-version":[{"id":3379,"href":"https:\/\/vcm.ulagos.cl\/extension\/wp-json\/wp\/v2\/pages\/3122\/revisions\/3379"}],"up":[{"embeddable":true,"href":"https:\/\/vcm.ulagos.cl\/extension\/wp-json\/wp\/v2\/pages\/324"}],"wp:featuredmedia":[{"embeddable":true,"href":"https:\/\/vcm.ulagos.cl\/extension\/wp-json\/wp\/v2\/media\/3337"}],"wp:attachment":[{"href":"https:\/\/vcm.ulagos.cl\/extension\/wp-json\/wp\/v2\/media?parent=3122"}],"curies":[{"name":"wp","href":"https:\/\/api.w.org\/{rel}","templated":true}]}}