{"id":3143,"date":"2025-10-22T10:27:37","date_gmt":"2025-10-22T13:27:37","guid":{"rendered":"https:\/\/vcm.ulagos.cl\/extension\/?page_id=3143"},"modified":"2026-01-29T15:04:06","modified_gmt":"2026-01-29T18:04:06","slug":"cine-club-ulagos","status":"publish","type":"page","link":"https:\/\/vcm.ulagos.cl\/extension\/lugares\/cine-club-ulagos\/","title":{"rendered":"Cine Club ULagos"},"content":{"rendered":"<p>&nbsp;<\/p>\n<p><span style=\"font-weight: 400;\">Somos una comunidad diversa e inclusiva, integrada por estudiantes, funcionarias y funcionarios, acad\u00e9micas y acad\u00e9micos de la Universidad de Los Lagos, junto a habitantes de Osorno, la provincia y la regi\u00f3n. Nos convoca el inter\u00e9s por el visionado colectivo de obras cinematogr\u00e1ficas de valor patrimonial, art\u00edstico y cultural, y el deseo de fomentar el di\u00e1logo respetuoso, el pensamiento cr\u00edtico y el intercambio de miradas en un ambiente participativo.<\/span><\/p>\n<p><span style=\"font-weight: 400;\">El Cine Club ULagos es una iniciativa gestionada por la Academia de Arte y Cultura de la Universidad de Los Lagos y es dirigida por el acad\u00e9mico del Departamento de Ciencias Sociales, <\/span><b>Hern\u00e1n Delgado<\/b><span style=\"font-weight: 400;\">, junto al periodista y gestor cultural <\/span><b>Diego Gerter<\/b><span style=\"font-weight: 400;\">, y el director del Departamento de Ciencias Exactas, <\/span><b>Carlos Mart\u00ednez<\/b><span style=\"font-weight: 400;\">.<\/span><\/p>\n","protected":false},"excerpt":{"rendered":"<p>&nbsp; Somos una comunidad diversa e inclusiva, integrada por estudiantes, funcionarias y funcionarios, acad\u00e9micas y acad\u00e9micos de la Universidad de Los Lagos, junto a habitantes de Osorno, la provincia y la regi\u00f3n. Nos convoca el inter\u00e9s por el visionado colectivo de obras cinematogr\u00e1ficas de valor patrimonial, art\u00edstico y cultural, y el deseo de fomentar el [&hellip;]<\/p>\n","protected":false},"author":3,"featured_media":3343,"parent":3191,"menu_order":0,"comment_status":"closed","ping_status":"closed","template":"template_menu_horizontal_sintitulo Banner Padre.php","meta":{"footnotes":""},"class_list":["post-3143","page","type-page","status-publish","has-post-thumbnail","hentry"],"_links":{"self":[{"href":"https:\/\/vcm.ulagos.cl\/extension\/wp-json\/wp\/v2\/pages\/3143","targetHints":{"allow":["GET"]}}],"collection":[{"href":"https:\/\/vcm.ulagos.cl\/extension\/wp-json\/wp\/v2\/pages"}],"about":[{"href":"https:\/\/vcm.ulagos.cl\/extension\/wp-json\/wp\/v2\/types\/page"}],"author":[{"embeddable":true,"href":"https:\/\/vcm.ulagos.cl\/extension\/wp-json\/wp\/v2\/users\/3"}],"replies":[{"embeddable":true,"href":"https:\/\/vcm.ulagos.cl\/extension\/wp-json\/wp\/v2\/comments?post=3143"}],"version-history":[{"count":8,"href":"https:\/\/vcm.ulagos.cl\/extension\/wp-json\/wp\/v2\/pages\/3143\/revisions"}],"predecessor-version":[{"id":3346,"href":"https:\/\/vcm.ulagos.cl\/extension\/wp-json\/wp\/v2\/pages\/3143\/revisions\/3346"}],"up":[{"embeddable":true,"href":"https:\/\/vcm.ulagos.cl\/extension\/wp-json\/wp\/v2\/pages\/3191"}],"wp:featuredmedia":[{"embeddable":true,"href":"https:\/\/vcm.ulagos.cl\/extension\/wp-json\/wp\/v2\/media\/3343"}],"wp:attachment":[{"href":"https:\/\/vcm.ulagos.cl\/extension\/wp-json\/wp\/v2\/media?parent=3143"}],"curies":[{"name":"wp","href":"https:\/\/api.w.org\/{rel}","templated":true}]}}