{"id":3146,"date":"2025-10-22T10:27:51","date_gmt":"2025-10-22T13:27:51","guid":{"rendered":"https:\/\/vcm.ulagos.cl\/extension\/?page_id=3146"},"modified":"2026-01-29T15:04:59","modified_gmt":"2026-01-29T18:04:59","slug":"galeria-la-caracola","status":"publish","type":"page","link":"https:\/\/vcm.ulagos.cl\/extension\/lugares\/galeria-la-caracola\/","title":{"rendered":"Galer\u00eda La Caracola"},"content":{"rendered":"<p>&nbsp;<\/p>\n<p>La Galer\u00eda La Caracola es un espacio art\u00edstico\u2013pedag\u00f3gico de la Universidad de Los Lagos, creado con el prop\u00f3sito de fortalecer la formaci\u00f3n de estudiantes de pregrado, especialmente de la carrera de Pedagog\u00eda en Artes Visuales. Su misi\u00f3n es promover una comprensi\u00f3n contempor\u00e1nea del arte, articulando procesos creativos, curatoriales, did\u00e1cticos y de mediaci\u00f3n con el territorio sur-austral y sus comunidades. Desde este enfoque, La Caracola integra producci\u00f3n art\u00edstica, reflexi\u00f3n cr\u00edtica y experiencias educativas, consolid\u00e1ndose como un laboratorio activo donde convergen estudiantes, artistas, docentes y agentes culturales.<\/p>\n<p>La l\u00ednea curatorial de la galer\u00eda se basa en la pertinencia territorial, la investigaci\u00f3n art\u00edstica, la formaci\u00f3n pedag\u00f3gica y la vinculaci\u00f3n con el medio, enfatizando la creaci\u00f3n situada y los lenguajes visuales propios de la Regi\u00f3n de Los Lagos. Mediante exposiciones, mediaciones, activaciones y actividades formativas, La Caracola fomenta la actualizaci\u00f3n disciplinar, la pr\u00e1ctica pedag\u00f3gica y el encuentro entre comunidades educativas y culturales.<\/p>\n<p>Su implementaci\u00f3n fue posible gracias a un Proyecto de Innovaci\u00f3n Docente (2024), que permiti\u00f3 habilitar el espacio y desarrollar sus primeras l\u00edneas curatoriales y formativas. Posteriormente, su funcionamiento se ha sostenido gracias al apoyo de la Subdirecci\u00f3n de Arte, Cultura y Patrimonio de la ULagos a trav\u00e9s del fondo ADAIN del Ministerio de Educaci\u00f3n, lo que ha permitido consolidar su programaci\u00f3n y avanzar hacia su institucionalizaci\u00f3n.<\/p>\n<p>Gracias a su car\u00e1cter formativo, su inserci\u00f3n territorial y su crecimiento program\u00e1tico, La Caracola se ha consolidado como un polo cultural emergente en Puerto Montt, proyectando a la Universidad de Los Lagos como un agente activo en la difusi\u00f3n del arte contempor\u00e1neo sur-austral.<\/p>\n<p>&nbsp;<\/p>\n<h1><strong>Equipo Galeria La Caracola<\/strong><\/h1>\n<div class=\"row align-tems-center\" style=\"margin-bottom: 80px;\">\n<div class=\"col-xs-6 texto_footer_sub\">\n<div class=\"col-xs-5\" style=\"width: 150px;\"><img decoding=\"async\" style=\"width: 100%; height: 100%;\" src=\"https:\/\/vcm.ulagos.cl\/extension\/wp-content\/uploads\/2025\/11\/ConstanzaValderrama150.jpg\" \/><\/div>\n<div class=\"col-xs-7 text-team-sub \" style=\"padding: 0px;\"><span class=\"titulo\">Constanza Valderrama <\/span><br \/>\n<span class=\"contenido\">Directora <\/span><br \/>\n<span class=\"footer\"><br \/>\n<a href=\"mailto:constanza.valderrama@ulagos.cl\">constanza.valderrama@ulagos.cl<\/a><\/span><\/div>\n<\/div>\n<\/div>\n<div class=\"row align-tems-center\" style=\"margin-bottom: 80px;\">\n<div class=\"col-xs-6 texto_footer_sub\">\n<div class=\"col-xs-5\" style=\"width: 150px;\"><img decoding=\"async\" style=\"width: 100%; height: 100%;\" src=\"https:\/\/vcm.ulagos.cl\/extension\/wp-content\/uploads\/2025\/11\/JorgeFerrada150.jpg\" \/><\/div>\n<div class=\"col-xs-7 text-team-sub\" style=\"padding: 0px;\"><span class=\"titulo\">Jorge Ferrada <\/span><br \/>\n<span class=\"contenido\">Curador<\/span><br \/>\n<span class=\"footer\"><br \/>\n<a href=\"mailto:jorge.padilla@ulagos.cl\">jorge.padilla@ulagos.cl<\/a><\/span><\/div>\n<\/div>\n<\/div>\n<div class=\"row align-tems-center\" style=\"margin-bottom: 80px;\">\n<div class=\"col-xs-6 texto_footer_sub\">\n<div class=\"col-xs-5\" style=\"width: 150px;\"><img decoding=\"async\" style=\"width: 100%; height: 100%;\" src=\"https:\/\/vcm.ulagos.cl\/extension\/wp-content\/uploads\/2025\/11\/DanissaPen\u0303a150.jpg\" \/><\/div>\n<div class=\"col-xs-7 text-team-sub\" style=\"padding: 0px;\"><span class=\"titulo\">Danissa Pe\u00f1a<\/span><br \/>\n<span class=\"contenido\">Mediaciones<\/span><br \/>\n<span class=\"footer\"><br \/>\n<a href=\"mailto:danissa.pena@ulagos.cl\">danissa.pena@ulagos.cl<\/a><\/span><\/div>\n<\/div>\n<\/div>\n<div class=\"row align-tems-center\" style=\"margin-bottom: 80px;\">\n<div class=\"col-xs-6 texto_footer_sub\">\n<div class=\"col-xs-5\" style=\"width: 150px;\"><img decoding=\"async\" style=\"width: 100%; height: 100%;\" src=\"https:\/\/vcm.ulagos.cl\/extension\/wp-content\/uploads\/2025\/11\/ClaudioAcun\u0303a150.jpg\" \/><\/div>\n<div class=\"col-xs-7 text-team-sub\" style=\"padding: 0px;\"><span class=\"titulo\">Claudio Acu\u00f1a<\/span><br \/>\n<span class=\"contenido\">Montaje<\/span><br \/>\n<span class=\"footer\"><br \/>\n<a href=\"mailto:claudio.acuna@ulagos.cl\">claudio.acuna@ulagos.cl<\/a><\/span><\/div>\n<\/div>\n<\/div>\n<div class=\"row align-tems-center\" style=\"margin-bottom: 80px;\">\n<div class=\"col-xs-6 texto_footer_sub\">\n<div class=\"col-xs-5\" style=\"width: 150px;\"><img decoding=\"async\" style=\"width: 100%; height: 100%;\" src=\"https:\/\/vcm.ulagos.cl\/2025\/wp-content\/uploads\/2025\/09\/Captura-de-pantalla-2025-09-30-110448.png\" \/><\/div>\n<div class=\"col-xs-7 text-team-sub\" style=\"padding: 0px;\"><span class=\"titulo\">Diego Galvez <\/span><br \/>\n<span class=\"contenido\">Difusi\u00f3n<\/span><br \/>\n<span class=\"footer\"><br \/>\n<a href=\"mailto:diego.galvez@ulagos.cl\">diego.galvez@ulagos.cl<\/a><\/span><\/div>\n<\/div>\n<\/div>\n<div class=\"row align-tems-center\" style=\"margin-bottom: 80px;\">\n<div class=\"col-xs-6 texto_footer_sub\">\n<div class=\"col-xs-5\" style=\"width: 150px;\"><img decoding=\"async\" style=\"width: 100%; height: 100%;\" src=\"https:\/\/vcm.ulagos.cl\/2025\/wp-content\/uploads\/2025\/09\/Captura-de-pantalla-2025-09-30-110448.png\" \/><\/div>\n<div class=\"col-xs-7 text-team-sub\" style=\"padding: 0px;\"><span class=\"titulo\">Catalina Neun <\/span><br \/>\n<span class=\"contenido\">Apoyo en mediaci\u00f3n, difusi\u00f3n y montaje (estudiante becaria)<\/span><br \/>\n<span class=\"footer\"><br \/>\n<a href=\"catalinafernanda.neun@alumnos.ulagos.cl\">catalinafernanda.neun@alumnos.ulagos.cl<\/a><\/span><\/div>\n<\/div>\n<\/div>\n<p>&nbsp;<\/p>\n","protected":false},"excerpt":{"rendered":"<p>&nbsp; La Galer\u00eda La Caracola es un espacio art\u00edstico\u2013pedag\u00f3gico de la Universidad de Los Lagos, creado con el prop\u00f3sito de fortalecer la formaci\u00f3n de estudiantes de pregrado, especialmente de la carrera de Pedagog\u00eda en Artes Visuales. Su misi\u00f3n es promover una comprensi\u00f3n contempor\u00e1nea del arte, articulando procesos creativos, curatoriales, did\u00e1cticos y de mediaci\u00f3n con el [&hellip;]<\/p>\n","protected":false},"author":3,"featured_media":3228,"parent":3191,"menu_order":0,"comment_status":"closed","ping_status":"closed","template":"template_menu_horizontal_sintitulo Banner Padre.php","meta":{"footnotes":""},"class_list":["post-3146","page","type-page","status-publish","has-post-thumbnail","hentry"],"_links":{"self":[{"href":"https:\/\/vcm.ulagos.cl\/extension\/wp-json\/wp\/v2\/pages\/3146","targetHints":{"allow":["GET"]}}],"collection":[{"href":"https:\/\/vcm.ulagos.cl\/extension\/wp-json\/wp\/v2\/pages"}],"about":[{"href":"https:\/\/vcm.ulagos.cl\/extension\/wp-json\/wp\/v2\/types\/page"}],"author":[{"embeddable":true,"href":"https:\/\/vcm.ulagos.cl\/extension\/wp-json\/wp\/v2\/users\/3"}],"replies":[{"embeddable":true,"href":"https:\/\/vcm.ulagos.cl\/extension\/wp-json\/wp\/v2\/comments?post=3146"}],"version-history":[{"count":64,"href":"https:\/\/vcm.ulagos.cl\/extension\/wp-json\/wp\/v2\/pages\/3146\/revisions"}],"predecessor-version":[{"id":3348,"href":"https:\/\/vcm.ulagos.cl\/extension\/wp-json\/wp\/v2\/pages\/3146\/revisions\/3348"}],"up":[{"embeddable":true,"href":"https:\/\/vcm.ulagos.cl\/extension\/wp-json\/wp\/v2\/pages\/3191"}],"wp:featuredmedia":[{"embeddable":true,"href":"https:\/\/vcm.ulagos.cl\/extension\/wp-json\/wp\/v2\/media\/3228"}],"wp:attachment":[{"href":"https:\/\/vcm.ulagos.cl\/extension\/wp-json\/wp\/v2\/media?parent=3146"}],"curies":[{"name":"wp","href":"https:\/\/api.w.org\/{rel}","templated":true}]}}