{"id":3164,"date":"2025-10-22T11:13:05","date_gmt":"2025-10-22T14:13:05","guid":{"rendered":"https:\/\/vcm.ulagos.cl\/extension\/?page_id=3164"},"modified":"2025-12-01T15:47:20","modified_gmt":"2025-12-01T18:47:20","slug":"orquesta-universidad-de-los-lagos","status":"publish","type":"page","link":"https:\/\/vcm.ulagos.cl\/extension\/elencos-ulagos\/orquesta-universidad-de-los-lagos\/","title":{"rendered":"Orquesta Universidad de Los Lagos"},"content":{"rendered":"<p><strong>\u00a0<\/strong><\/p>\n<p>La Orquesta de la Universidad de Los Lagos nace como una iniciativa de car\u00e1cter art\u00edstico-social destinada a ofrecer un espacio de formaci\u00f3n en interpretaci\u00f3n de m\u00fasica instrumental a talentosos ni\u00f1os, ni\u00f1as y j\u00f3venes de escuelas de Osorno y San Juan de la Costa.<\/p>\n<p>A lo largo de m\u00e1s de 12 a\u00f1os de trabajo, la Academia de Arte y Cultura ha logrado consolidar un grupo de 45 ni\u00f1os, j\u00f3venes y adultos dirigidos por Rodrigo D\u00edaz, per\u00edodo en el cual se ha caracterizado por desarrollar un repertorio marcado por el legado musical hispanoamericano, haciendo un recorrido por los sonidos de todo el continente.<\/p>\n<p>La Orquesta ULagos se compone de las filas de cuerdas frotadas, vientos de madera y bronce, guitarra, piano y percusi\u00f3n.<\/p>\n","protected":false},"excerpt":{"rendered":"<p>\u00a0 La Orquesta de la Universidad de Los Lagos nace como una iniciativa de car\u00e1cter art\u00edstico-social destinada a ofrecer un espacio de formaci\u00f3n en interpretaci\u00f3n de m\u00fasica instrumental a talentosos ni\u00f1os, ni\u00f1as y j\u00f3venes de escuelas de Osorno y San Juan de la Costa. A lo largo de m\u00e1s de 12 a\u00f1os de trabajo, la [&hellip;]<\/p>\n","protected":false},"author":3,"featured_media":3300,"parent":3139,"menu_order":0,"comment_status":"closed","ping_status":"closed","template":"template_menu_horizontal_sintitulo Banner Hijo.php","meta":{"footnotes":""},"class_list":["post-3164","page","type-page","status-publish","has-post-thumbnail","hentry"],"_links":{"self":[{"href":"https:\/\/vcm.ulagos.cl\/extension\/wp-json\/wp\/v2\/pages\/3164","targetHints":{"allow":["GET"]}}],"collection":[{"href":"https:\/\/vcm.ulagos.cl\/extension\/wp-json\/wp\/v2\/pages"}],"about":[{"href":"https:\/\/vcm.ulagos.cl\/extension\/wp-json\/wp\/v2\/types\/page"}],"author":[{"embeddable":true,"href":"https:\/\/vcm.ulagos.cl\/extension\/wp-json\/wp\/v2\/users\/3"}],"replies":[{"embeddable":true,"href":"https:\/\/vcm.ulagos.cl\/extension\/wp-json\/wp\/v2\/comments?post=3164"}],"version-history":[{"count":3,"href":"https:\/\/vcm.ulagos.cl\/extension\/wp-json\/wp\/v2\/pages\/3164\/revisions"}],"predecessor-version":[{"id":3227,"href":"https:\/\/vcm.ulagos.cl\/extension\/wp-json\/wp\/v2\/pages\/3164\/revisions\/3227"}],"up":[{"embeddable":true,"href":"https:\/\/vcm.ulagos.cl\/extension\/wp-json\/wp\/v2\/pages\/3139"}],"wp:featuredmedia":[{"embeddable":true,"href":"https:\/\/vcm.ulagos.cl\/extension\/wp-json\/wp\/v2\/media\/3300"}],"wp:attachment":[{"href":"https:\/\/vcm.ulagos.cl\/extension\/wp-json\/wp\/v2\/media?parent=3164"}],"curies":[{"name":"wp","href":"https:\/\/api.w.org\/{rel}","templated":true}]}}