{"id":3166,"date":"2025-10-22T11:13:27","date_gmt":"2025-10-22T14:13:27","guid":{"rendered":"https:\/\/vcm.ulagos.cl\/extension\/?page_id=3166"},"modified":"2026-01-29T15:58:28","modified_gmt":"2026-01-29T18:58:28","slug":"coro-de-camara-universidad-de-los-lagos","status":"publish","type":"page","link":"https:\/\/vcm.ulagos.cl\/extension\/elencos-ulagos\/coro-de-camara-universidad-de-los-lagos\/","title":{"rendered":"Coro de C\u00e1mara Universidad de Los Lagos"},"content":{"rendered":"<p>&nbsp;<\/p>\n<p>Poseedor de una vasta trayectoria en el \u00e1mbito art\u00edstico cultural, el Coro de la Universidad de Los Lagos ha participado durante 54 a\u00f1os en diversos festivales nacionales y recorrido gran parte del pa\u00eds como agrupaci\u00f3n de extensi\u00f3n, posicionado en alto la imagen de la Universidad de Los Lagos.<\/p>\n<p>Su origen data de 1971, a\u00f1o en que el Profesor Gonzalo Burgos reuni\u00f3 a un grupo de estudiantes, funcionarios y acad\u00e9micos para formar el Coro de la Sede Osorno de la Universidad de Chile.<\/p>\n<p>En su trayectoria musical el Coro de la Universidad de Los Lagos ha interpretado un variado repertorio de m\u00fasica a <em>capella<\/em>, con acompa\u00f1amientos de piano y orquesta de c\u00e1mara y dirigido por destacados maestros del ambiente nacional y con grandes obras de la literatura coral.<\/p>\n<p>La agrupaci\u00f3n musical forma parte actualmente de la Academia de Arte y Cultura de la U. de Los Lagos, es dirigido desde 2025 por la directora Filomena Segovia y est\u00e1 conformado por 30 integrantes, entre ellos estudiantes, funcionarios, acad\u00e9micos y ex alumnos de esta Casa de Estudios.<\/p>\n","protected":false},"excerpt":{"rendered":"<p>&nbsp; Poseedor de una vasta trayectoria en el \u00e1mbito art\u00edstico cultural, el Coro de la Universidad de Los Lagos ha participado durante 54 a\u00f1os en diversos festivales nacionales y recorrido gran parte del pa\u00eds como agrupaci\u00f3n de extensi\u00f3n, posicionado en alto la imagen de la Universidad de Los Lagos. Su origen data de 1971, a\u00f1o [&hellip;]<\/p>\n","protected":false},"author":3,"featured_media":3303,"parent":3139,"menu_order":0,"comment_status":"closed","ping_status":"closed","template":"template_menu_horizontal_sintitulo Banner Hijo.php","meta":{"footnotes":""},"class_list":["post-3166","page","type-page","status-publish","has-post-thumbnail","hentry"],"_links":{"self":[{"href":"https:\/\/vcm.ulagos.cl\/extension\/wp-json\/wp\/v2\/pages\/3166","targetHints":{"allow":["GET"]}}],"collection":[{"href":"https:\/\/vcm.ulagos.cl\/extension\/wp-json\/wp\/v2\/pages"}],"about":[{"href":"https:\/\/vcm.ulagos.cl\/extension\/wp-json\/wp\/v2\/types\/page"}],"author":[{"embeddable":true,"href":"https:\/\/vcm.ulagos.cl\/extension\/wp-json\/wp\/v2\/users\/3"}],"replies":[{"embeddable":true,"href":"https:\/\/vcm.ulagos.cl\/extension\/wp-json\/wp\/v2\/comments?post=3166"}],"version-history":[{"count":8,"href":"https:\/\/vcm.ulagos.cl\/extension\/wp-json\/wp\/v2\/pages\/3166\/revisions"}],"predecessor-version":[{"id":3390,"href":"https:\/\/vcm.ulagos.cl\/extension\/wp-json\/wp\/v2\/pages\/3166\/revisions\/3390"}],"up":[{"embeddable":true,"href":"https:\/\/vcm.ulagos.cl\/extension\/wp-json\/wp\/v2\/pages\/3139"}],"wp:featuredmedia":[{"embeddable":true,"href":"https:\/\/vcm.ulagos.cl\/extension\/wp-json\/wp\/v2\/media\/3303"}],"wp:attachment":[{"href":"https:\/\/vcm.ulagos.cl\/extension\/wp-json\/wp\/v2\/media?parent=3166"}],"curies":[{"name":"wp","href":"https:\/\/api.w.org\/{rel}","templated":true}]}}