{"id":3168,"date":"2025-10-22T11:13:45","date_gmt":"2025-10-22T14:13:45","guid":{"rendered":"https:\/\/vcm.ulagos.cl\/extension\/?page_id=3168"},"modified":"2026-01-29T15:59:49","modified_gmt":"2026-01-29T18:59:49","slug":"ballet-folclorico-ulagos","status":"publish","type":"page","link":"https:\/\/vcm.ulagos.cl\/extension\/elencos-ulagos\/ballet-folclorico-ulagos\/","title":{"rendered":"Ballet Folcl\u00f3rico ULagos"},"content":{"rendered":"<p>&nbsp;<\/p>\n<p>Con el objetivo difundir y preservar las tradiciones culturales de nuestro pa\u00eds mediante la m\u00fasica y la danza, nace en 2017, al alero de la Academia de Arte y Cultura, el Ballet Folcl\u00f3rico de la Universidad de Los Lagos integrado por estudiantes que buscan conocer y difundir los ritmos y danzas folcl\u00f3ricas de Chile y Latinoam\u00e9rica, sus fiestas religiosas folcl\u00f3ricas y cosmovisi\u00f3n de Pueblos Originarios, fortaleciendo de esta manera su proceso de formaci\u00f3n y potenciando su desarrollo motriz y cognitivo.<\/p>\n<p>Desde 2025, es dirigido por quien fuera uno de sus m\u00e1s destacados integrantes, hoy ex alumno de esta casa de estudios, Bryan \u00c1guila. El elenco estable est\u00e1 integrado por 35 estudiantes de las carreras de Biolog\u00eda Marina, Obstetricia y Puericultura, Ingenier\u00eda Comercial, Kinesiolog\u00eda, Tecnolog\u00eda M\u00e9dica, entre otras.<\/p>\n<p>Tambi\u00e9n desde este a\u00f1o se suma al elenco del Ballet Folcl\u00f3rico el Grupo Folcl\u00f3rico musical de la Academia de Arte, integrado por 11 j\u00f3venes m\u00fasicos pertenecientes al estamento estudiantil y a miembros de la comunidad regional as\u00ed como tambi\u00e9n de la Regi\u00f3n de Los R\u00edos, dirigidos por el profesor Diego Poveda. Este grupo acompa\u00f1ar\u00e1 desde hoy al Ballet Folcl\u00f3rico en cada una de sus presentaciones, agregando todo el color de la m\u00fasica en vivo a sus espect\u00e1culos.<\/p>\n","protected":false},"excerpt":{"rendered":"<p>&nbsp; Con el objetivo difundir y preservar las tradiciones culturales de nuestro pa\u00eds mediante la m\u00fasica y la danza, nace en 2017, al alero de la Academia de Arte y Cultura, el Ballet Folcl\u00f3rico de la Universidad de Los Lagos integrado por estudiantes que buscan conocer y difundir los ritmos y danzas folcl\u00f3ricas de Chile [&hellip;]<\/p>\n","protected":false},"author":3,"featured_media":3304,"parent":3139,"menu_order":0,"comment_status":"closed","ping_status":"closed","template":"template_menu_horizontal_sintitulo Banner Hijo.php","meta":{"footnotes":""},"class_list":["post-3168","page","type-page","status-publish","has-post-thumbnail","hentry"],"_links":{"self":[{"href":"https:\/\/vcm.ulagos.cl\/extension\/wp-json\/wp\/v2\/pages\/3168","targetHints":{"allow":["GET"]}}],"collection":[{"href":"https:\/\/vcm.ulagos.cl\/extension\/wp-json\/wp\/v2\/pages"}],"about":[{"href":"https:\/\/vcm.ulagos.cl\/extension\/wp-json\/wp\/v2\/types\/page"}],"author":[{"embeddable":true,"href":"https:\/\/vcm.ulagos.cl\/extension\/wp-json\/wp\/v2\/users\/3"}],"replies":[{"embeddable":true,"href":"https:\/\/vcm.ulagos.cl\/extension\/wp-json\/wp\/v2\/comments?post=3168"}],"version-history":[{"count":6,"href":"https:\/\/vcm.ulagos.cl\/extension\/wp-json\/wp\/v2\/pages\/3168\/revisions"}],"predecessor-version":[{"id":3392,"href":"https:\/\/vcm.ulagos.cl\/extension\/wp-json\/wp\/v2\/pages\/3168\/revisions\/3392"}],"up":[{"embeddable":true,"href":"https:\/\/vcm.ulagos.cl\/extension\/wp-json\/wp\/v2\/pages\/3139"}],"wp:featuredmedia":[{"embeddable":true,"href":"https:\/\/vcm.ulagos.cl\/extension\/wp-json\/wp\/v2\/media\/3304"}],"wp:attachment":[{"href":"https:\/\/vcm.ulagos.cl\/extension\/wp-json\/wp\/v2\/media?parent=3168"}],"curies":[{"name":"wp","href":"https:\/\/api.w.org\/{rel}","templated":true}]}}