{"id":3170,"date":"2025-10-22T11:14:00","date_gmt":"2025-10-22T14:14:00","guid":{"rendered":"https:\/\/vcm.ulagos.cl\/extension\/?page_id=3170"},"modified":"2025-12-01T15:53:02","modified_gmt":"2025-12-01T18:53:02","slug":"son-del-sur-ensamble-ulagos","status":"publish","type":"page","link":"https:\/\/vcm.ulagos.cl\/extension\/elencos-ulagos\/son-del-sur-ensamble-ulagos\/","title":{"rendered":"Son del Sur Ensamble ULagos"},"content":{"rendered":"<p>&nbsp;<\/p>\n<p>Son del Sur Ensamble es parte de la Academia de Arte y Cultura de la Universidad de Los Lagos y est\u00e1 compuesto por 8 m\u00fasicos, dirigidos Carlos Guzm\u00e1n. A trav\u00e9s del viaje por distintos estilos musicales que van desde el jazz hasta lo popular, busca impactar en la difusi\u00f3n y desarrollo del arte local en la Regi\u00f3n de Los Lagos.<\/p>\n<p>Su composici\u00f3n cuenta con vientos de madera, bronces, guitarra, bajo, piano, bater\u00eda y percusi\u00f3n, adem\u00e1s de las voces con destacadas solistas.<\/p>\n","protected":false},"excerpt":{"rendered":"<p>&nbsp; Son del Sur Ensamble es parte de la Academia de Arte y Cultura de la Universidad de Los Lagos y est\u00e1 compuesto por 8 m\u00fasicos, dirigidos Carlos Guzm\u00e1n. A trav\u00e9s del viaje por distintos estilos musicales que van desde el jazz hasta lo popular, busca impactar en la difusi\u00f3n y desarrollo del arte local [&hellip;]<\/p>\n","protected":false},"author":3,"featured_media":3306,"parent":3139,"menu_order":0,"comment_status":"closed","ping_status":"closed","template":"template_menu_horizontal_sintitulo Banner Hijo.php","meta":{"footnotes":""},"class_list":["post-3170","page","type-page","status-publish","has-post-thumbnail","hentry"],"_links":{"self":[{"href":"https:\/\/vcm.ulagos.cl\/extension\/wp-json\/wp\/v2\/pages\/3170","targetHints":{"allow":["GET"]}}],"collection":[{"href":"https:\/\/vcm.ulagos.cl\/extension\/wp-json\/wp\/v2\/pages"}],"about":[{"href":"https:\/\/vcm.ulagos.cl\/extension\/wp-json\/wp\/v2\/types\/page"}],"author":[{"embeddable":true,"href":"https:\/\/vcm.ulagos.cl\/extension\/wp-json\/wp\/v2\/users\/3"}],"replies":[{"embeddable":true,"href":"https:\/\/vcm.ulagos.cl\/extension\/wp-json\/wp\/v2\/comments?post=3170"}],"version-history":[{"count":3,"href":"https:\/\/vcm.ulagos.cl\/extension\/wp-json\/wp\/v2\/pages\/3170\/revisions"}],"predecessor-version":[{"id":3226,"href":"https:\/\/vcm.ulagos.cl\/extension\/wp-json\/wp\/v2\/pages\/3170\/revisions\/3226"}],"up":[{"embeddable":true,"href":"https:\/\/vcm.ulagos.cl\/extension\/wp-json\/wp\/v2\/pages\/3139"}],"wp:featuredmedia":[{"embeddable":true,"href":"https:\/\/vcm.ulagos.cl\/extension\/wp-json\/wp\/v2\/media\/3306"}],"wp:attachment":[{"href":"https:\/\/vcm.ulagos.cl\/extension\/wp-json\/wp\/v2\/media?parent=3170"}],"curies":[{"name":"wp","href":"https:\/\/api.w.org\/{rel}","templated":true}]}}